{"id":4246,"date":"2025-02-03T04:14:51","date_gmt":"2025-02-03T04:14:51","guid":{"rendered":"https:\/\/javacol.com\/web\/wp\/?page_id=4246"},"modified":"2025-02-17T16:12:08","modified_gmt":"2025-02-17T16:12:08","slug":"medios-de-pago","status":"publish","type":"page","link":"https:\/\/javacol.com\/sitio\/medios-de-pago\/","title":{"rendered":"Medios de Pago"},"content":{"rendered":"<p>[et_pb_section fb_built=\u00bb1&#8243; admin_label=\u00bbServices\u00bb _builder_version=\u00bb4.22.1&#8243; _module_preset=\u00bbdefault\u00bb custom_padding=\u00bb25px|||||\u00bb collapsed=\u00bbon\u00bb global_colors_info=\u00bb{}\u00bb][et_pb_row _builder_version=\u00bb4.27.4&#8243; _module_preset=\u00bbdefault\u00bb custom_padding=\u00bb2px|||||\u00bb global_colors_info=\u00bb{}\u00bb][et_pb_column type=\u00bb4_4&#8243; _builder_version=\u00bb4.22.1&#8243; _module_preset=\u00bbdefault\u00bb global_colors_info=\u00bb{}\u00bb][et_pb_heading title=\u00bbNuestros medios de pago\u00bb _builder_version=\u00bb4.27.4&#8243; _module_preset=\u00bb6d5b43e0-8900-4c8f-9243-e90d7ca825f0&#8243; title_font=\u00bbPoppins|700|on||||||\u00bb title_text_align=\u00bbcenter\u00bb title_font_size=\u00bb36px\u00bb custom_margin=\u00bb||0px|||\u00bb global_colors_info=\u00bb{}\u00bb][\/et_pb_heading][\/et_pb_column][\/et_pb_row][et_pb_row column_structure=\u00bb1_3,1_3,1_3&#8243; use_custom_gutter=\u00bbon\u00bb gutter_width=\u00bb2&#8243; make_equal=\u00bbon\u00bb custom_padding_last_edited=\u00bbon|tablet\u00bb _builder_version=\u00bb4.27.4&#8243; _module_preset=\u00bbdefault\u00bb width=\u00bb70%\u00bb max_width=\u00bb80%\u00bb custom_margin=\u00bb-41px|auto||auto|false|false\u00bb custom_padding=\u00bb||||false|false\u00bb custom_padding_tablet=\u00bb||0px||false|false\u00bb custom_padding_phone=\u00bb||0px||false|false\u00bb global_colors_info=\u00bb{}\u00bb][et_pb_column type=\u00bb1_3&#8243; _builder_version=\u00bb4.27.4&#8243; _module_preset=\u00bbdefault\u00bb background_color=\u00bbgcid-fcf1142e-4351-400e-a37d-664ac0ca878f\u00bb custom_padding=\u00bb40px|40px|40px|40px|true|true\u00bb custom_padding_tablet=\u00bb30px|30px|30px|30px|true|true\u00bb custom_padding_phone=\u00bb20px|20px|20px|20px|true|true\u00bb custom_padding_last_edited=\u00bbon|desktop\u00bb border_radii=\u00bbon|10px|10px|10px|10px\u00bb global_colors_info=\u00bb{%22gcid-fcf1142e-4351-400e-a37d-664ac0ca878f%22:%91%22background_color%22%93}\u00bb][et_pb_blurb image=\u00bbhttps:\/\/javacol.com\/sitio\/wp-content\/uploads\/2025\/02\/PSE.png\u00bb image_icon_width=\u00bb45%\u00bb _builder_version=\u00bb4.27.4&#8243; _module_preset=\u00bbdefault\u00bb body_font_size=\u00bb12px\u00bb hover_enabled=\u00bb0&#8243; global_colors_info=\u00bb{}\u00bb title_text=\u00bbPSE\u00bb sticky_enabled=\u00bb0&#8243;]<\/p>\n<div class=\"ewa-rteLine\"><span fontscheme=\"2\">Ahora puedes pagar online v\u00eda <\/span><strong fontscheme=\"2\">d\u00e9bito desde tu cuenta de ahorros o corriente<\/strong><span fontscheme=\"2\"> en Colombia.<\/span><\/div>\n<div class=\"ewa-rteLine\" fontscheme-block=\"2\"><\/div>\n<div class=\"ewa-rteLine\">\n<p><span fontscheme=\"2\">Accede a nuestra \u00e1rea de clientes en www.javacol.com\/sales con tu usuario y contrase\u00f1a.<\/span><\/p>\n<p><span style=\"font-size: 12px;\">Encuentra m\u00e1s informaci\u00f3n de pagos en l\u00ednea en <a href=\"http:\/\/www.pse.com.co\">www.pse.com.co<\/a><\/span><\/p>\n<p><span style=\"font-size: 12px;\"><span>\u00a9 2020 ACH Colombia S.A. Todos los derechos reservados.<\/span><\/span><\/p>\n<\/div>\n<p>.<\/p>\n<p>[\/et_pb_blurb][\/et_pb_column][et_pb_column type=\u00bb1_3&#8243; _builder_version=\u00bb4.27.4&#8243; _module_preset=\u00bbdefault\u00bb background_color=\u00bbgcid-fcf1142e-4351-400e-a37d-664ac0ca878f\u00bb custom_padding=\u00bb40px|40px|40px|40px|true|true\u00bb custom_padding_tablet=\u00bb30px|30px|30px|30px|true|true\u00bb custom_padding_phone=\u00bb20px|20px|20px|20px|true|true\u00bb custom_padding_last_edited=\u00bbon|desktop\u00bb border_radii=\u00bbon|10px|10px|10px|10px\u00bb global_colors_info=\u00bb{%22gcid-fcf1142e-4351-400e-a37d-664ac0ca878f%22:%91%22background_color%22%93}\u00bb][et_pb_blurb image=\u00bbhttps:\/\/javacol.com\/sitio\/wp-content\/uploads\/2025\/02\/pago-con-epayco-1.png\u00bb _builder_version=\u00bb4.27.4&#8243; _module_preset=\u00bbdefault\u00bb body_font_size=\u00bb12px\u00bb image_icon_custom_margin=\u00bb-25px||-20px||false|false\u00bb image_icon_custom_padding=\u00bb||||false|false\u00bb custom_margin=\u00bb10px||10px||true|false\u00bb hover_enabled=\u00bb0&#8243; global_colors_info=\u00bb{}\u00bb title_text=\u00bbpago-con-epayco\u00bb sticky_enabled=\u00bb0&#8243;]<\/p>\n<div class=\"ewa-rteLine\">\n<p><span fontscheme=\"2\">Aceptamos todas las <\/span><strong fontscheme=\"2\">tarjetas de cr\u00e9dito<\/strong><span fontscheme=\"2\">, nacionales e internacionales, para que puedas pagar tu servicio de forma r\u00e1pida y segura, sin importar d\u00f3nde te encuentres.<\/span><\/p>\n<\/div>\n<div class=\"ewa-rteLine\">\n<p><span fontscheme=\"2\">Ingresa a www.javacol.com\/sales con tu usuario y contrase\u00f1a para realizar tu pago.<\/span><\/p>\n<p><span style=\"font-size: 12px;\">Encuentra m\u00e1s informaci\u00f3n de pagos en l\u00ednea en\u00a0 <a href=\"https:\/\/epayco.com\/\">https:\/\/epayco.com\/<\/a>\u00a0<\/span><span style=\"font-size: 12px;\"><\/span><\/p>\n<p><span style=\"font-size: 12px;\"><span>Copiright 2011-2025\u00a0ePayco.co<\/span><\/span><\/p>\n<\/div>\n<div class=\"ewa-rteLine\" fontscheme-block=\"2\"><\/div>\n<p>[\/et_pb_blurb][\/et_pb_column][et_pb_column type=\u00bb1_3&#8243; _builder_version=\u00bb4.27.4&#8243; _module_preset=\u00bbdefault\u00bb background_color=\u00bbgcid-fcf1142e-4351-400e-a37d-664ac0ca878f\u00bb custom_padding=\u00bb40px|40px|40px|40px|true|true\u00bb custom_padding_tablet=\u00bb30px|30px|30px|30px|true|true\u00bb custom_padding_phone=\u00bb20px|20px|20px|20px|true|true\u00bb custom_padding_last_edited=\u00bbon|desktop\u00bb border_radii=\u00bbon|10px|10px|10px|10px\u00bb global_colors_info=\u00bb{%22gcid-fcf1142e-4351-400e-a37d-664ac0ca878f%22:%91%22background_color%22%93}\u00bb][et_pb_blurb image=\u00bbhttps:\/\/javacol.com\/sitio\/wp-content\/uploads\/2025\/02\/banco-caja-social.png\u00bb image_icon_width=\u00bb80%\u00bb _builder_version=\u00bb4.27.4&#8243; _module_preset=\u00bbdefault\u00bb body_font_size=\u00bb12px\u00bb image_icon_custom_margin=\u00bb26px||26px||true|false\u00bb hover_enabled=\u00bb0&#8243; global_colors_info=\u00bb{}\u00bb title_text=\u00bbbanco-caja-social\u00bb sticky_enabled=\u00bb0&#8243;]<\/p>\n<div class=\"ewa-rteLine\">\n<p><span fontscheme=\"2\">Si te encuentras en Bogot\u00e1 o Cundinamarca, tienes la opci\u00f3n de pagar tu servicio mediante transferencia o consignaci\u00f3n en nuestra <\/span><strong fontscheme=\"2\">cuenta de ahorros No. 2402 7781 704 a nombre de Javacol SAS<\/strong><span fontscheme=\"2\"> (NIT: 900468699-1). <\/span><span style=\"font-size: 12px;\">\u00a1Nos encanta hacerte la vida m\u00e1s f\u00e1cil!<\/span><\/p>\n<p><span style=\"font-size: 12px;\">Encuentra tu sucursal bancaria m\u00e1s cercana en el siguiente link: <a href=\"http:\/\/www.bancocajasocial.com\">www.bancocajasocial.com<\/a><\/span><\/p>\n<p><span style=\"font-size: 12px;\"><span>Copyright \u00a9 2024 Banco Caja Social<\/span><\/span><\/p>\n<\/div>\n<div class=\"ewa-rteLine\" fontscheme-block=\"2\"><\/div>\n<p>[\/et_pb_blurb][\/et_pb_column][\/et_pb_row][et_pb_row column_structure=\u00bb1_3,1_3,1_3&#8243; use_custom_gutter=\u00bbon\u00bb gutter_width=\u00bb2&#8243; custom_padding_last_edited=\u00bbon|tablet\u00bb _builder_version=\u00bb4.27.4&#8243; _module_preset=\u00bbdefault\u00bb width=\u00bb70%\u00bb max_width=\u00bb80%\u00bb custom_margin=\u00bb-41px|auto||auto|false|false\u00bb custom_padding=\u00bb||||false|false\u00bb custom_padding_tablet=\u00bb||0px||false|false\u00bb custom_padding_phone=\u00bb||0px||false|false\u00bb global_colors_info=\u00bb{}\u00bb][et_pb_column type=\u00bb1_3&#8243; _builder_version=\u00bb4.27.4&#8243; _module_preset=\u00bbdefault\u00bb background_color=\u00bbgcid-fcf1142e-4351-400e-a37d-664ac0ca878f\u00bb custom_padding=\u00bb40px|40px|40px|40px|true|true\u00bb custom_padding_tablet=\u00bb30px|30px|30px|30px|true|true\u00bb custom_padding_phone=\u00bb20px|20px|20px|20px|true|true\u00bb custom_padding_last_edited=\u00bbon|desktop\u00bb border_radii=\u00bbon|10px|10px|10px|10px\u00bb global_colors_info=\u00bb{%22gcid-fcf1142e-4351-400e-a37d-664ac0ca878f%22:%91%22background_color%22%93}\u00bb][et_pb_blurb image=\u00bbhttps:\/\/javacol.com\/sitio\/wp-content\/uploads\/2025\/02\/banco-caja-social.png\u00bb image_icon_width=\u00bb80%\u00bb _builder_version=\u00bb4.27.4&#8243; _module_preset=\u00bbdefault\u00bb body_font_size=\u00bb12px\u00bb image_icon_custom_margin=\u00bb26px||26px||true|false\u00bb hover_enabled=\u00bb0&#8243; global_colors_info=\u00bb{}\u00bb title_text=\u00bbbanco-caja-social\u00bb sticky_enabled=\u00bb0&#8243;]<\/p>\n<div class=\"ewa-rteLine\">\n<p><span fontscheme=\"2\">Desde otras partes del pa\u00eds, realiza tu pago mediante Recaudo Empresarial as\u00ed:<\/span><\/p>\n<p><strong fontscheme=\"2\" style=\"font-size: 12px;\">Cuenta convenio:<\/strong><span fontscheme=\"2\" style=\"font-size: 12px;\"> 1634<\/span><\/p>\n<\/div>\n<div class=\"ewa-rteLine\"><span fontscheme=\"2\"><\/span><\/div>\n<div class=\"ewa-rteLine\"><span fontscheme=\"2\"><\/span><\/div>\n<div class=\"ewa-rteLine\"><strong fontscheme=\"2\">Cuenta de Ahorros:<\/strong><span fontscheme=\"2\"> 24027781533<\/span><\/div>\n<div class=\"ewa-rteLine\"><strong fontscheme=\"2\">Nombre de la Cuenta:<\/strong><span fontscheme=\"2\"> Javacol SAS<\/span><\/div>\n<div class=\"ewa-rteLine\">\n<p><strong fontscheme=\"2\">NIT:<\/strong><span fontscheme=\"2\"> 900468699-1<\/span><\/p>\n<p><strong fontscheme=\"2\" style=\"font-size: 12px;\">\u00a1Recuerda!<\/strong><span fontscheme=\"2\" style=\"font-size: 12px;\"> El servicio de Recaudo Empresarial tiene un <\/span><u class=\"ql-und\" fontscheme=\"2\" style=\"font-size: 12px;\">costo adicional de $6.000 <\/u><span fontscheme=\"2\" style=\"font-size: 12px;\">que debes considerar. Si realizas el pago fuera de Cundinamarca en la cuenta No. 2402 7781 704, el banco cobrar\u00e1 una comisi\u00f3n de $14.280. \u00a1T\u00fa decides la mejor opci\u00f3n!<\/span><\/p>\n<\/div>\n<div class=\"ewa-rteLine\" fontscheme-block=\"2\"><\/div>\n<div class=\"ewa-rteLine\"><span fontscheme=\"2\">Encuentra tu sucursal bancaria m\u00e1s cercana en el siguiente link: <a href=\"http:\/\/www.bancocajasocial.com\">www.bancocajasocial.com<\/a><\/span><\/div>\n<div class=\"ewa-rteLine\"><span fontscheme=\"2\">\u00a0<\/span><\/div>\n<div class=\"ewa-rteLine\"><span fontscheme=\"2\"><\/span><\/div>\n<div class=\"ewa-rteLine\"><span fontscheme=\"2\"><span>Copyright \u00a9 2024 Banco Caja Social<\/span><\/span><\/div>\n<p>[\/et_pb_blurb][\/et_pb_column][et_pb_column type=\u00bb1_3&#8243; _builder_version=\u00bb4.27.4&#8243; _module_preset=\u00bbdefault\u00bb background_color=\u00bbgcid-fcf1142e-4351-400e-a37d-664ac0ca878f\u00bb custom_padding=\u00bb40px|40px|40px|40px|true|true\u00bb custom_padding_tablet=\u00bb30px|30px|30px|30px|true|true\u00bb custom_padding_phone=\u00bb20px|20px|20px|20px|true|true\u00bb custom_padding_last_edited=\u00bbon|desktop\u00bb border_radii=\u00bbon|10px|10px|10px|10px\u00bb global_colors_info=\u00bb{%22gcid-fcf1142e-4351-400e-a37d-664ac0ca878f%22:%91%22background_color%22%93}\u00bb][et_pb_blurb image=\u00bbhttps:\/\/javacol.com\/sitio\/wp-content\/uploads\/2025\/02\/logo-bancolombia.png\u00bb image_icon_width=\u00bb45%\u00bb _builder_version=\u00bb4.27.4&#8243; _module_preset=\u00bbdefault\u00bb body_font_size=\u00bb12px\u00bb hover_enabled=\u00bb0&#8243; global_colors_info=\u00bb{}\u00bb title_text=\u00bblogo-bancolombia\u00bb sticky_enabled=\u00bb0&#8243;]<\/p>\n<div class=\"ewa-rteLine\">\n<p><span fontscheme=\"2\">Queremos facilitarte el pago de tu servicio desde cualquier rinc\u00f3n del pa\u00eds. Por eso, te ofrecemos la opci\u00f3n de transferencia o consignaci\u00f3n en nuestra <\/span><strong fontscheme=\"2\">cuenta de ahorros No. 6618 9554 525 a nombre de Javacol SAS.<\/strong><\/p>\n<p><strong fontscheme=\"2\"> <\/strong><\/p>\n<p><strong fontscheme=\"2\"><\/strong>Encuentra tu sucursal bancaria m\u00e1s cercana en el siguiente link: <a href=\"http:\/\/www.bancolombia.com\">www.bancolombia.com<\/a><\/p>\n<p><span>Copyright \u00a9 2025 Grupo Bancolombia<\/span><\/p>\n<\/div>\n<p>[\/et_pb_blurb][\/et_pb_column][et_pb_column type=\u00bb1_3&#8243; _builder_version=\u00bb4.27.4&#8243; _module_preset=\u00bbdefault\u00bb background_color=\u00bbgcid-fcf1142e-4351-400e-a37d-664ac0ca878f\u00bb custom_padding=\u00bb40px|40px|40px|40px|true|true\u00bb custom_padding_tablet=\u00bb30px|30px|30px|30px|true|true\u00bb custom_padding_phone=\u00bb20px|20px|20px|20px|true|true\u00bb custom_padding_last_edited=\u00bbon|desktop\u00bb border_radii=\u00bbon|10px|10px|10px|10px\u00bb global_colors_info=\u00bb{%22gcid-fcf1142e-4351-400e-a37d-664ac0ca878f%22:%91%22background_color%22%93}\u00bb][et_pb_blurb image=\u00bbhttps:\/\/javacol.com\/sitio\/wp-content\/uploads\/2025\/02\/logo-nequi.png\u00bb image_icon_width=\u00bb45%\u00bb _builder_version=\u00bb4.27.4&#8243; _module_preset=\u00bbdefault\u00bb body_font_size=\u00bb12px\u00bb hover_enabled=\u00bb0&#8243; global_colors_info=\u00bb{}\u00bb title_text=\u00bblogo-nequi\u00bb sticky_enabled=\u00bb0&#8243;]<\/p>\n<div class=\"ewa-rteLine\">\n<p><span fontscheme=\"2\">Ahora puedes pagar tu servicio desde tu celular con Nequi. Descarga la app y realiza tu <\/span><strong fontscheme=\"2\">pago al n\u00famero 3004913127<\/strong><span fontscheme=\"2\">. \u00a1Es r\u00e1pido, f\u00e1cil y seguro!<\/span><\/p>\n<p>Tambi\u00e9n puedes pagar a trav\u00e9s del bot\u00f3n PSE en el siguiente link: <a href=\"https:\/\/recarga.nequi.com.co\/\">https:\/\/recarga.nequi.com.co\/<\/a><\/p>\n<p><span>Copyright \u00a9 2025 NEQUI.<\/span><\/p>\n<\/div>\n<p>[\/et_pb_blurb][\/et_pb_column][\/et_pb_row][\/et_pb_section]<\/p>\n","protected":false},"excerpt":{"rendered":"<p>Ahora puedes pagar online v\u00eda d\u00e9bito desde tu cuenta de ahorros o corriente en Colombia. Accede a nuestra \u00e1rea de clientes en www.javacol.com\/sales con tu usuario y contrase\u00f1a. Encuentra m\u00e1s informaci\u00f3n de pagos en l\u00ednea en www.pse.com.co \u00a9 2020 ACH Colombia S.A. Todos los derechos reservados. . Aceptamos todas las tarjetas de cr\u00e9dito, nacionales e [&hellip;]<\/p>\n","protected":false},"author":1,"featured_media":0,"parent":0,"menu_order":0,"comment_status":"closed","ping_status":"closed","template":"","meta":{"_et_pb_use_builder":"on","_et_pb_old_content":"","_et_gb_content_width":"","footnotes":""},"class_list":["post-4246","page","type-page","status-publish","hentry"],"yoast_head":"<!-- This site is optimized with the Yoast SEO plugin v26.9 - https:\/\/yoast.com\/product\/yoast-seo-wordpress\/ -->\n<title>Medios de Pago - Javacol<\/title>\n<meta name=\"robots\" content=\"index, follow, max-snippet:-1, max-image-preview:large, max-video-preview:-1\" \/>\n<link rel=\"canonical\" href=\"https:\/\/javacol.com\/sitio\/medios-de-pago\/\" \/>\n<meta property=\"og:locale\" content=\"es_ES\" \/>\n<meta property=\"og:type\" content=\"article\" \/>\n<meta property=\"og:title\" content=\"Medios de Pago - Javacol\" \/>\n<meta property=\"og:description\" content=\"Ahora puedes pagar online v\u00eda d\u00e9bito desde tu cuenta de ahorros o corriente en Colombia. Accede a nuestra \u00e1rea de clientes en www.javacol.com\/sales con tu usuario y contrase\u00f1a. Encuentra m\u00e1s informaci\u00f3n de pagos en l\u00ednea en www.pse.com.co \u00a9 2020 ACH Colombia S.A. Todos los derechos reservados. . Aceptamos todas las tarjetas de cr\u00e9dito, nacionales e [&hellip;]\" \/>\n<meta property=\"og:url\" content=\"https:\/\/javacol.com\/sitio\/medios-de-pago\/\" \/>\n<meta property=\"og:site_name\" content=\"Javacol\" \/>\n<meta property=\"article:publisher\" content=\"https:\/\/www.facebook.com\/JavacolSas\/\" \/>\n<meta property=\"article:modified_time\" content=\"2025-02-17T16:12:08+00:00\" \/>\n<meta property=\"og:image\" content=\"https:\/\/javacol.com\/sitio\/wp-content\/uploads\/2025\/04\/LogoJavacol.png\" \/>\n\t<meta property=\"og:image:width\" content=\"640\" \/>\n\t<meta property=\"og:image:height\" content=\"640\" \/>\n\t<meta property=\"og:image:type\" content=\"image\/png\" \/>\n<meta name=\"twitter:card\" content=\"summary_large_image\" \/>\n<meta name=\"twitter:label1\" content=\"Tiempo de lectura\" \/>\n\t<meta name=\"twitter:data1\" content=\"6 minutos\" \/>\n<script type=\"application\/ld+json\" class=\"yoast-schema-graph\">{\"@context\":\"https:\/\/schema.org\",\"@graph\":[{\"@type\":\"WebPage\",\"@id\":\"https:\/\/javacol.com\/sitio\/medios-de-pago\/\",\"url\":\"https:\/\/javacol.com\/sitio\/medios-de-pago\/\",\"name\":\"Medios de Pago - Javacol\",\"isPartOf\":{\"@id\":\"https:\/\/javacol.com\/sitio\/#website\"},\"datePublished\":\"2025-02-03T04:14:51+00:00\",\"dateModified\":\"2025-02-17T16:12:08+00:00\",\"breadcrumb\":{\"@id\":\"https:\/\/javacol.com\/sitio\/medios-de-pago\/#breadcrumb\"},\"inLanguage\":\"es\",\"potentialAction\":[{\"@type\":\"ReadAction\",\"target\":[\"https:\/\/javacol.com\/sitio\/medios-de-pago\/\"]}]},{\"@type\":\"BreadcrumbList\",\"@id\":\"https:\/\/javacol.com\/sitio\/medios-de-pago\/#breadcrumb\",\"itemListElement\":[{\"@type\":\"ListItem\",\"position\":1,\"name\":\"Portada\",\"item\":\"https:\/\/javacol.com\/sitio\/\"},{\"@type\":\"ListItem\",\"position\":2,\"name\":\"Medios de Pago\"}]},{\"@type\":\"WebSite\",\"@id\":\"https:\/\/javacol.com\/sitio\/#website\",\"url\":\"https:\/\/javacol.com\/sitio\/\",\"name\":\"Javacol\",\"description\":\"\",\"publisher\":{\"@id\":\"https:\/\/javacol.com\/sitio\/#organization\"},\"potentialAction\":[{\"@type\":\"SearchAction\",\"target\":{\"@type\":\"EntryPoint\",\"urlTemplate\":\"https:\/\/javacol.com\/sitio\/?s={search_term_string}\"},\"query-input\":{\"@type\":\"PropertyValueSpecification\",\"valueRequired\":true,\"valueName\":\"search_term_string\"}}],\"inLanguage\":\"es\"},{\"@type\":\"Organization\",\"@id\":\"https:\/\/javacol.com\/sitio\/#organization\",\"name\":\"Javacol\",\"url\":\"https:\/\/javacol.com\/sitio\/\",\"logo\":{\"@type\":\"ImageObject\",\"inLanguage\":\"es\",\"@id\":\"https:\/\/javacol.com\/sitio\/#\/schema\/logo\/image\/\",\"url\":\"https:\/\/javacol.com\/sitio\/wp-content\/uploads\/2024\/07\/logojavacol.png\",\"contentUrl\":\"https:\/\/javacol.com\/sitio\/wp-content\/uploads\/2024\/07\/logojavacol.png\",\"width\":1100,\"height\":304,\"caption\":\"Javacol\"},\"image\":{\"@id\":\"https:\/\/javacol.com\/sitio\/#\/schema\/logo\/image\/\"},\"sameAs\":[\"https:\/\/www.facebook.com\/JavacolSas\/\",\"https:\/\/www.instagram.com\/javacol_sas\/\"]}]}<\/script>\n<!-- \/ Yoast SEO plugin. -->","yoast_head_json":{"title":"Medios de Pago - Javacol","robots":{"index":"index","follow":"follow","max-snippet":"max-snippet:-1","max-image-preview":"max-image-preview:large","max-video-preview":"max-video-preview:-1"},"canonical":"https:\/\/javacol.com\/sitio\/medios-de-pago\/","og_locale":"es_ES","og_type":"article","og_title":"Medios de Pago - Javacol","og_description":"Ahora puedes pagar online v\u00eda d\u00e9bito desde tu cuenta de ahorros o corriente en Colombia. Accede a nuestra \u00e1rea de clientes en www.javacol.com\/sales con tu usuario y contrase\u00f1a. Encuentra m\u00e1s informaci\u00f3n de pagos en l\u00ednea en www.pse.com.co \u00a9 2020 ACH Colombia S.A. Todos los derechos reservados. . Aceptamos todas las tarjetas de cr\u00e9dito, nacionales e [&hellip;]","og_url":"https:\/\/javacol.com\/sitio\/medios-de-pago\/","og_site_name":"Javacol","article_publisher":"https:\/\/www.facebook.com\/JavacolSas\/","article_modified_time":"2025-02-17T16:12:08+00:00","og_image":[{"width":640,"height":640,"url":"https:\/\/javacol.com\/sitio\/wp-content\/uploads\/2025\/04\/LogoJavacol.png","type":"image\/png"}],"twitter_card":"summary_large_image","twitter_misc":{"Tiempo de lectura":"6 minutos"},"schema":{"@context":"https:\/\/schema.org","@graph":[{"@type":"WebPage","@id":"https:\/\/javacol.com\/sitio\/medios-de-pago\/","url":"https:\/\/javacol.com\/sitio\/medios-de-pago\/","name":"Medios de Pago - Javacol","isPartOf":{"@id":"https:\/\/javacol.com\/sitio\/#website"},"datePublished":"2025-02-03T04:14:51+00:00","dateModified":"2025-02-17T16:12:08+00:00","breadcrumb":{"@id":"https:\/\/javacol.com\/sitio\/medios-de-pago\/#breadcrumb"},"inLanguage":"es","potentialAction":[{"@type":"ReadAction","target":["https:\/\/javacol.com\/sitio\/medios-de-pago\/"]}]},{"@type":"BreadcrumbList","@id":"https:\/\/javacol.com\/sitio\/medios-de-pago\/#breadcrumb","itemListElement":[{"@type":"ListItem","position":1,"name":"Portada","item":"https:\/\/javacol.com\/sitio\/"},{"@type":"ListItem","position":2,"name":"Medios de Pago"}]},{"@type":"WebSite","@id":"https:\/\/javacol.com\/sitio\/#website","url":"https:\/\/javacol.com\/sitio\/","name":"Javacol","description":"","publisher":{"@id":"https:\/\/javacol.com\/sitio\/#organization"},"potentialAction":[{"@type":"SearchAction","target":{"@type":"EntryPoint","urlTemplate":"https:\/\/javacol.com\/sitio\/?s={search_term_string}"},"query-input":{"@type":"PropertyValueSpecification","valueRequired":true,"valueName":"search_term_string"}}],"inLanguage":"es"},{"@type":"Organization","@id":"https:\/\/javacol.com\/sitio\/#organization","name":"Javacol","url":"https:\/\/javacol.com\/sitio\/","logo":{"@type":"ImageObject","inLanguage":"es","@id":"https:\/\/javacol.com\/sitio\/#\/schema\/logo\/image\/","url":"https:\/\/javacol.com\/sitio\/wp-content\/uploads\/2024\/07\/logojavacol.png","contentUrl":"https:\/\/javacol.com\/sitio\/wp-content\/uploads\/2024\/07\/logojavacol.png","width":1100,"height":304,"caption":"Javacol"},"image":{"@id":"https:\/\/javacol.com\/sitio\/#\/schema\/logo\/image\/"},"sameAs":["https:\/\/www.facebook.com\/JavacolSas\/","https:\/\/www.instagram.com\/javacol_sas\/"]}]}},"_links":{"self":[{"href":"https:\/\/javacol.com\/sitio\/wp-json\/wp\/v2\/pages\/4246","targetHints":{"allow":["GET"]}}],"collection":[{"href":"https:\/\/javacol.com\/sitio\/wp-json\/wp\/v2\/pages"}],"about":[{"href":"https:\/\/javacol.com\/sitio\/wp-json\/wp\/v2\/types\/page"}],"author":[{"embeddable":true,"href":"https:\/\/javacol.com\/sitio\/wp-json\/wp\/v2\/users\/1"}],"replies":[{"embeddable":true,"href":"https:\/\/javacol.com\/sitio\/wp-json\/wp\/v2\/comments?post=4246"}],"version-history":[{"count":19,"href":"https:\/\/javacol.com\/sitio\/wp-json\/wp\/v2\/pages\/4246\/revisions"}],"predecessor-version":[{"id":5344,"href":"https:\/\/javacol.com\/sitio\/wp-json\/wp\/v2\/pages\/4246\/revisions\/5344"}],"wp:attachment":[{"href":"https:\/\/javacol.com\/sitio\/wp-json\/wp\/v2\/media?parent=4246"}],"curies":[{"name":"wp","href":"https:\/\/api.w.org\/{rel}","templated":true}]}}