{"id":4303,"date":"2025-02-03T05:00:45","date_gmt":"2025-02-03T05:00:45","guid":{"rendered":"https:\/\/javacol.com\/web\/wp\/?page_id=4303"},"modified":"2025-02-24T04:12:34","modified_gmt":"2025-02-24T04:12:34","slug":"acerca-de-nosotros","status":"publish","type":"page","link":"https:\/\/javacol.com\/sitio\/acerca-de-nosotros\/","title":{"rendered":"Acerca de Nosotros"},"content":{"rendered":"<p>[et_pb_section fb_built=\u00bb1&#8243; admin_label=\u00bbAbout Us\u00bb _builder_version=\u00bb4.27.4&#8243; background_image=\u00bbhttps:\/\/javacol.com\/sitio\/wp-content\/uploads\/2025\/01\/marcalogo.png\u00bb background_size=\u00bbcontain\u00bb background_position=\u00bbbottom_center\u00bb custom_padding=\u00bb41px|||||\u00bb hover_enabled=\u00bb0&#8243; custom_width_px__hover=\u00bb1080px\u00bb custom_width_px__hover_enabled=\u00bb1080px\u00bb custom_width_percent__hover=\u00bb80%\u00bb custom_width_percent__hover_enabled=\u00bb80%\u00bb global_colors_info=\u00bb{}\u00bb background_size__hover=\u00bbcover\u00bb background_size__hover_enabled=\u00bbcover\u00bb background_position__hover=\u00bbcenter\u00bb background_position__hover_enabled=\u00bbcenter\u00bb parallax_1__hover=\u00bboff\u00bb parallax_1__hover_enabled=\u00bboff\u00bb parallax_2__hover=\u00bboff\u00bb parallax_2__hover_enabled=\u00bboff\u00bb parallax_3__hover=\u00bboff\u00bb parallax_3__hover_enabled=\u00bboff\u00bb parallax_method_1__hover=\u00bbon\u00bb parallax_method_1__hover_enabled=\u00bbon\u00bb parallax_method_2__hover=\u00bbon\u00bb parallax_method_2__hover_enabled=\u00bbon\u00bb parallax_method_3__hover=\u00bbon\u00bb parallax_method_3__hover_enabled=\u00bbon\u00bb use_background_color_gradient__hover=\u00bboff\u00bb use_background_color_gradient__hover_enabled=\u00bboff\u00bb background_color_gradient_start__hover=\u00bb#2b87da\u00bb background_color_gradient_start__hover_enabled=\u00bb#2b87da\u00bb background_color_gradient_end__hover=\u00bb#29c4a9&#8243; background_color_gradient_end__hover_enabled=\u00bb#29c4a9&#8243; background_color_gradient_type__hover=\u00bblinear\u00bb background_color_gradient_type__hover_enabled=\u00bblinear\u00bb background_color_gradient_direction__hover=\u00bb180deg\u00bb background_color_gradient_direction__hover_enabled=\u00bb180deg\u00bb background_color_gradient_direction_radial__hover=\u00bbcenter\u00bb background_color_gradient_direction_radial__hover_enabled=\u00bbcenter\u00bb background_color_gradient_start_position__hover=\u00bb0%\u00bb background_color_gradient_start_position__hover_enabled=\u00bb0%\u00bb background_color_gradient_end_position__hover=\u00bb100%\u00bb background_color_gradient_end_position__hover_enabled=\u00bb100%\u00bb background_color_gradient_overlays_image__hover=\u00bboff\u00bb background_color_gradient_overlays_image__hover_enabled=\u00bboff\u00bb parallax__hover=\u00bboff\u00bb parallax__hover_enabled=\u00bboff\u00bb parallax_method__hover=\u00bbon\u00bb parallax_method__hover_enabled=\u00bbon\u00bb background_repeat__hover=\u00bbno-repeat\u00bb background_repeat__hover_enabled=\u00bbno-repeat\u00bb background_blend__hover=\u00bbnormal\u00bb background_blend__hover_enabled=\u00bbnormal\u00bb allow_player_pause__hover=\u00bboff\u00bb allow_player_pause__hover_enabled=\u00bboff\u00bb background_video_pause_outside_viewport__hover=\u00bbon\u00bb background_video_pause_outside_viewport__hover_enabled=\u00bbon\u00bb inner_shadow__hover=\u00bboff\u00bb inner_shadow__hover_enabled=\u00bboff\u00bb make_fullwidth__hover=\u00bboff\u00bb make_fullwidth__hover_enabled=\u00bboff\u00bb use_custom_width__hover=\u00bboff\u00bb use_custom_width__hover_enabled=\u00bboff\u00bb width_unit__hover=\u00bbon\u00bb width_unit__hover_enabled=\u00bbon\u00bb make_equal__hover=\u00bboff\u00bb make_equal__hover_enabled=\u00bboff\u00bb use_custom_gutter__hover=\u00bboff\u00bb use_custom_gutter__hover_enabled=\u00bboff\u00bb gutter_width__hover=\u00bb3&#8243; gutter_width__hover_enabled=\u00bb3&#8243; border_radii__hover=\u00bbon||||\u00bb border_radii__hover_enabled=\u00bbon||||\u00bb box_shadow_style__hover=\u00bbnone\u00bb box_shadow_style__hover_enabled=\u00bbnone\u00bb box_shadow_color__hover=\u00bbrgba(0,0,0,0.3)\u00bb box_shadow_color__hover_enabled=\u00bbrgba(0,0,0,0.3)\u00bb max_width__hover=\u00bb100%\u00bb max_width__hover_enabled=\u00bb100%\u00bb filter_hue_rotate__hover=\u00bb0deg\u00bb filter_hue_rotate__hover_enabled=\u00bb0deg\u00bb filter_saturate__hover=\u00bb100%\u00bb filter_saturate__hover_enabled=\u00bb100%\u00bb filter_brightness__hover=\u00bb100%\u00bb filter_brightness__hover_enabled=\u00bb100%\u00bb filter_contrast__hover=\u00bb100%\u00bb filter_contrast__hover_enabled=\u00bb100%\u00bb filter_invert__hover=\u00bb0%\u00bb filter_invert__hover_enabled=\u00bb0%\u00bb filter_sepia__hover=\u00bb0%\u00bb filter_sepia__hover_enabled=\u00bb0%\u00bb filter_opacity__hover=\u00bb100%\u00bb filter_opacity__hover_enabled=\u00bb100%\u00bb filter_blur__hover=\u00bb0px\u00bb filter_blur__hover_enabled=\u00bb0px\u00bb mix_blend_mode__hover=\u00bbnormal\u00bb mix_blend_mode__hover_enabled=\u00bbnormal\u00bb animation_style__hover=\u00bbnone\u00bb animation_style__hover_enabled=\u00bbnone\u00bb animation_repeat__hover=\u00bbonce\u00bb animation_repeat__hover_enabled=\u00bbonce\u00bb animation_direction__hover=\u00bbcenter\u00bb animation_direction__hover_enabled=\u00bbcenter\u00bb animation_duration__hover=\u00bb1000ms\u00bb animation_duration__hover_enabled=\u00bb1000ms\u00bb animation_delay__hover=\u00bb0ms\u00bb animation_delay__hover_enabled=\u00bb0ms\u00bb animation_intensity_slide__hover=\u00bb50%\u00bb animation_intensity_slide__hover_enabled=\u00bb50%\u00bb animation_intensity_zoom__hover=\u00bb50%\u00bb animation_intensity_zoom__hover_enabled=\u00bb50%\u00bb animation_intensity_flip__hover=\u00bb50%\u00bb animation_intensity_flip__hover_enabled=\u00bb50%\u00bb animation_intensity_fold__hover=\u00bb50%\u00bb animation_intensity_fold__hover_enabled=\u00bb50%\u00bb animation_intensity_roll__hover=\u00bb50%\u00bb animation_intensity_roll__hover_enabled=\u00bb50%\u00bb animation_starting_opacity__hover=\u00bb0%\u00bb animation_starting_opacity__hover_enabled=\u00bb0%\u00bb animation_speed_curve__hover=\u00bbease-in-out\u00bb animation_speed_curve__hover_enabled=\u00bbease-in-out\u00bb hover_transition_duration__hover=\u00bb300ms\u00bb hover_transition_duration__hover_enabled=\u00bb300ms\u00bb hover_transition_delay__hover=\u00bb0ms\u00bb hover_transition_delay__hover_enabled=\u00bb0ms\u00bb hover_transition_speed_curve__hover=\u00bbease\u00bb hover_transition_speed_curve__hover_enabled=\u00bbease\u00bb background_color_gradient_stops__hover=\u00bb#2b87da 0%|#29c4a9 100%\u00bb background_last_edited=\u00bbon|phone\u00bb sticky_enabled=\u00bb0&#8243; parallax_phone=\u00bboff\u00bb background_size_phone=\u00bbcontain\u00bb background_position_phone=\u00bbcenter\u00bb background_repeat_phone=\u00bbno-repeat\u00bb][et_pb_row _builder_version=\u00bb4.27.4&#8243; max_width=\u00bb80%\u00bb use_custom_width=\u00bbon\u00bb custom_width_px=\u00bb600px\u00bb global_colors_info=\u00bb{}\u00bb][et_pb_column type=\u00bb4_4&#8243; _builder_version=\u00bb4.16&#8243; custom_padding=\u00bb|||\u00bb global_colors_info=\u00bb{}\u00bb custom_padding__hover=\u00bb|||\u00bb][et_pb_text _builder_version=\u00bb4.27.4&#8243; text_font=\u00bb||||||||\u00bb header_font=\u00bb||||||||\u00bb header_2_font=\u00bbPoppins|700|on||||||\u00bb header_2_font_size=\u00bb36px\u00bb header_2_line_height=\u00bb1.3em\u00bb text_orientation=\u00bbcenter\u00bb custom_margin=\u00bb||49px|||\u00bb custom_padding=\u00bb||14px|||\u00bb animation_style=\u00bbslide\u00bb animation_direction=\u00bbtop\u00bb animation_intensity_slide=\u00bb5%\u00bb header_2_font_size_tablet=\u00bb36px\u00bb header_2_font_size_phone=\u00bb24px\u00bb header_2_font_size_last_edited=\u00bbon|phone\u00bb locked=\u00bboff\u00bb global_colors_info=\u00bb{}\u00bb]<\/p>\n<h2>Acerca de nosotros<\/h2>\n<p>[\/et_pb_text][et_pb_text _builder_version=\u00bb4.27.4&#8243; text_font_size=\u00bb15px\u00bb text_line_height=\u00bb2em\u00bb header_3_font=\u00bbPoppins|700|on||||||\u00bb background_color=\u00bbgcid-9190cd2b-c4c5-4156-98ab-6d486c5fcb48&#8243; custom_margin=\u00bb-48px|||||\u00bb custom_padding=\u00bb15px|15px|15px|15px|true|true\u00bb animation_style=\u00bbslide\u00bb animation_direction=\u00bbtop\u00bb animation_intensity_slide=\u00bb5%\u00bb locked=\u00bboff\u00bb global_colors_info=\u00bb{%22gcid-9190cd2b-c4c5-4156-98ab-6d486c5fcb48%22:%91%22background_color%22%93}\u00bb]<\/p>\n<div class=\"ewa-rteLine\"><\/div>\n<div class=\"ewa-rteLine\">\n<p>Somos una empresa colombiana con m\u00e1s de 18 a\u00f1os de experiencia en soluciones de hosting, registro de dominios y servicios web. Desde 2005, nos hemos dedicado a impulsar el crecimiento digital de empresas, emprendedores y profesionales con infraestructura segura y confiable.<\/p>\n<p><strong>Compromiso con el servicio<\/strong> <\/p>\n<p>Nuestra prioridad es brindar un soporte t\u00e9cnico \u00e1gil y eficiente, respaldado por un equipo humano altamente capacitado. Creemos en la atenci\u00f3n cercana y personalizada, donde cada cliente es el centro de nuestras actividades. <\/p>\n<p><strong>Seguridad e innovaci\u00f3n<\/strong> <\/p>\n<p>Nos especializamos en ofrecer servicios con altos est\u00e1ndares de seguridad, garantizando la protecci\u00f3n de tu informaci\u00f3n y la estabilidad de tu negocio. Innovamos constantemente para que tu empresa cuente con la tecnolog\u00eda m\u00e1s avanzada y disfrutes de una experiencia sin preocupaciones.<\/p><\/div>\n<div class=\"ewa-rteLine\"><\/div>\n<div class=\"ewa-rteLine\">Tu \u00e9xito en l\u00ednea es nuestra misi\u00f3n. En Javacol, trabajamos para que tu presencia digital sea segura, eficiente y adaptada a tus necesidades.<\/div>\n<div class=\"ewa-rteLine\">Con nosotros, siempre encontrar\u00e1s una mano amiga y soporte t\u00e9cnico real, porque tu tranquilidad es nuestra mayor prioridad.<\/div>\n<p>[\/et_pb_text][\/et_pb_column][\/et_pb_row][\/et_pb_section]<\/p>\n","protected":false},"excerpt":{"rendered":"<p>Acerca de nosotros Somos una empresa colombiana con m\u00e1s de 18 a\u00f1os de experiencia en soluciones de hosting, registro de dominios y servicios web. Desde 2005, nos hemos dedicado a impulsar el crecimiento digital de empresas, emprendedores y profesionales con infraestructura segura y confiable. Compromiso con el servicio Nuestra prioridad es brindar un soporte t\u00e9cnico [&hellip;]<\/p>\n","protected":false},"author":1,"featured_media":0,"parent":0,"menu_order":0,"comment_status":"closed","ping_status":"closed","template":"","meta":{"_et_pb_use_builder":"on","_et_pb_old_content":"","_et_gb_content_width":"","footnotes":""},"class_list":["post-4303","page","type-page","status-publish","hentry"],"yoast_head":"<!-- This site is optimized with the Yoast SEO plugin v26.9 - https:\/\/yoast.com\/product\/yoast-seo-wordpress\/ -->\n<title>Acerca de Nosotros - Javacol<\/title>\n<meta name=\"robots\" content=\"index, follow, max-snippet:-1, max-image-preview:large, max-video-preview:-1\" \/>\n<link rel=\"canonical\" href=\"https:\/\/javacol.com\/sitio\/acerca-de-nosotros\/\" \/>\n<meta property=\"og:locale\" content=\"es_ES\" \/>\n<meta property=\"og:type\" content=\"article\" \/>\n<meta property=\"og:title\" content=\"Acerca de Nosotros - Javacol\" \/>\n<meta property=\"og:description\" content=\"Acerca de nosotros Somos una empresa colombiana con m\u00e1s de 18 a\u00f1os de experiencia en soluciones de hosting, registro de dominios y servicios web. Desde 2005, nos hemos dedicado a impulsar el crecimiento digital de empresas, emprendedores y profesionales con infraestructura segura y confiable. Compromiso con el servicio Nuestra prioridad es brindar un soporte t\u00e9cnico [&hellip;]\" \/>\n<meta property=\"og:url\" content=\"https:\/\/javacol.com\/sitio\/acerca-de-nosotros\/\" \/>\n<meta property=\"og:site_name\" content=\"Javacol\" \/>\n<meta property=\"article:publisher\" content=\"https:\/\/www.facebook.com\/JavacolSas\/\" \/>\n<meta property=\"article:modified_time\" content=\"2025-02-24T04:12:34+00:00\" \/>\n<meta property=\"og:image\" content=\"https:\/\/javacol.com\/sitio\/wp-content\/uploads\/2025\/04\/LogoJavacol.png\" \/>\n\t<meta property=\"og:image:width\" content=\"640\" \/>\n\t<meta property=\"og:image:height\" content=\"640\" \/>\n\t<meta property=\"og:image:type\" content=\"image\/png\" \/>\n<meta name=\"twitter:card\" content=\"summary_large_image\" \/>\n<meta name=\"twitter:label1\" content=\"Tiempo de lectura\" \/>\n\t<meta name=\"twitter:data1\" content=\"5 minutos\" \/>\n<script type=\"application\/ld+json\" class=\"yoast-schema-graph\">{\"@context\":\"https:\/\/schema.org\",\"@graph\":[{\"@type\":\"WebPage\",\"@id\":\"https:\/\/javacol.com\/sitio\/acerca-de-nosotros\/\",\"url\":\"https:\/\/javacol.com\/sitio\/acerca-de-nosotros\/\",\"name\":\"Acerca de Nosotros - Javacol\",\"isPartOf\":{\"@id\":\"https:\/\/javacol.com\/sitio\/#website\"},\"datePublished\":\"2025-02-03T05:00:45+00:00\",\"dateModified\":\"2025-02-24T04:12:34+00:00\",\"breadcrumb\":{\"@id\":\"https:\/\/javacol.com\/sitio\/acerca-de-nosotros\/#breadcrumb\"},\"inLanguage\":\"es\",\"potentialAction\":[{\"@type\":\"ReadAction\",\"target\":[\"https:\/\/javacol.com\/sitio\/acerca-de-nosotros\/\"]}]},{\"@type\":\"BreadcrumbList\",\"@id\":\"https:\/\/javacol.com\/sitio\/acerca-de-nosotros\/#breadcrumb\",\"itemListElement\":[{\"@type\":\"ListItem\",\"position\":1,\"name\":\"Portada\",\"item\":\"https:\/\/javacol.com\/sitio\/\"},{\"@type\":\"ListItem\",\"position\":2,\"name\":\"Acerca de Nosotros\"}]},{\"@type\":\"WebSite\",\"@id\":\"https:\/\/javacol.com\/sitio\/#website\",\"url\":\"https:\/\/javacol.com\/sitio\/\",\"name\":\"Javacol\",\"description\":\"\",\"publisher\":{\"@id\":\"https:\/\/javacol.com\/sitio\/#organization\"},\"potentialAction\":[{\"@type\":\"SearchAction\",\"target\":{\"@type\":\"EntryPoint\",\"urlTemplate\":\"https:\/\/javacol.com\/sitio\/?s={search_term_string}\"},\"query-input\":{\"@type\":\"PropertyValueSpecification\",\"valueRequired\":true,\"valueName\":\"search_term_string\"}}],\"inLanguage\":\"es\"},{\"@type\":\"Organization\",\"@id\":\"https:\/\/javacol.com\/sitio\/#organization\",\"name\":\"Javacol\",\"url\":\"https:\/\/javacol.com\/sitio\/\",\"logo\":{\"@type\":\"ImageObject\",\"inLanguage\":\"es\",\"@id\":\"https:\/\/javacol.com\/sitio\/#\/schema\/logo\/image\/\",\"url\":\"https:\/\/javacol.com\/sitio\/wp-content\/uploads\/2024\/07\/logojavacol.png\",\"contentUrl\":\"https:\/\/javacol.com\/sitio\/wp-content\/uploads\/2024\/07\/logojavacol.png\",\"width\":1100,\"height\":304,\"caption\":\"Javacol\"},\"image\":{\"@id\":\"https:\/\/javacol.com\/sitio\/#\/schema\/logo\/image\/\"},\"sameAs\":[\"https:\/\/www.facebook.com\/JavacolSas\/\",\"https:\/\/www.instagram.com\/javacol_sas\/\"]}]}<\/script>\n<!-- \/ Yoast SEO plugin. -->","yoast_head_json":{"title":"Acerca de Nosotros - Javacol","robots":{"index":"index","follow":"follow","max-snippet":"max-snippet:-1","max-image-preview":"max-image-preview:large","max-video-preview":"max-video-preview:-1"},"canonical":"https:\/\/javacol.com\/sitio\/acerca-de-nosotros\/","og_locale":"es_ES","og_type":"article","og_title":"Acerca de Nosotros - Javacol","og_description":"Acerca de nosotros Somos una empresa colombiana con m\u00e1s de 18 a\u00f1os de experiencia en soluciones de hosting, registro de dominios y servicios web. Desde 2005, nos hemos dedicado a impulsar el crecimiento digital de empresas, emprendedores y profesionales con infraestructura segura y confiable. Compromiso con el servicio Nuestra prioridad es brindar un soporte t\u00e9cnico [&hellip;]","og_url":"https:\/\/javacol.com\/sitio\/acerca-de-nosotros\/","og_site_name":"Javacol","article_publisher":"https:\/\/www.facebook.com\/JavacolSas\/","article_modified_time":"2025-02-24T04:12:34+00:00","og_image":[{"width":640,"height":640,"url":"https:\/\/javacol.com\/sitio\/wp-content\/uploads\/2025\/04\/LogoJavacol.png","type":"image\/png"}],"twitter_card":"summary_large_image","twitter_misc":{"Tiempo de lectura":"5 minutos"},"schema":{"@context":"https:\/\/schema.org","@graph":[{"@type":"WebPage","@id":"https:\/\/javacol.com\/sitio\/acerca-de-nosotros\/","url":"https:\/\/javacol.com\/sitio\/acerca-de-nosotros\/","name":"Acerca de Nosotros - Javacol","isPartOf":{"@id":"https:\/\/javacol.com\/sitio\/#website"},"datePublished":"2025-02-03T05:00:45+00:00","dateModified":"2025-02-24T04:12:34+00:00","breadcrumb":{"@id":"https:\/\/javacol.com\/sitio\/acerca-de-nosotros\/#breadcrumb"},"inLanguage":"es","potentialAction":[{"@type":"ReadAction","target":["https:\/\/javacol.com\/sitio\/acerca-de-nosotros\/"]}]},{"@type":"BreadcrumbList","@id":"https:\/\/javacol.com\/sitio\/acerca-de-nosotros\/#breadcrumb","itemListElement":[{"@type":"ListItem","position":1,"name":"Portada","item":"https:\/\/javacol.com\/sitio\/"},{"@type":"ListItem","position":2,"name":"Acerca de Nosotros"}]},{"@type":"WebSite","@id":"https:\/\/javacol.com\/sitio\/#website","url":"https:\/\/javacol.com\/sitio\/","name":"Javacol","description":"","publisher":{"@id":"https:\/\/javacol.com\/sitio\/#organization"},"potentialAction":[{"@type":"SearchAction","target":{"@type":"EntryPoint","urlTemplate":"https:\/\/javacol.com\/sitio\/?s={search_term_string}"},"query-input":{"@type":"PropertyValueSpecification","valueRequired":true,"valueName":"search_term_string"}}],"inLanguage":"es"},{"@type":"Organization","@id":"https:\/\/javacol.com\/sitio\/#organization","name":"Javacol","url":"https:\/\/javacol.com\/sitio\/","logo":{"@type":"ImageObject","inLanguage":"es","@id":"https:\/\/javacol.com\/sitio\/#\/schema\/logo\/image\/","url":"https:\/\/javacol.com\/sitio\/wp-content\/uploads\/2024\/07\/logojavacol.png","contentUrl":"https:\/\/javacol.com\/sitio\/wp-content\/uploads\/2024\/07\/logojavacol.png","width":1100,"height":304,"caption":"Javacol"},"image":{"@id":"https:\/\/javacol.com\/sitio\/#\/schema\/logo\/image\/"},"sameAs":["https:\/\/www.facebook.com\/JavacolSas\/","https:\/\/www.instagram.com\/javacol_sas\/"]}]}},"_links":{"self":[{"href":"https:\/\/javacol.com\/sitio\/wp-json\/wp\/v2\/pages\/4303","targetHints":{"allow":["GET"]}}],"collection":[{"href":"https:\/\/javacol.com\/sitio\/wp-json\/wp\/v2\/pages"}],"about":[{"href":"https:\/\/javacol.com\/sitio\/wp-json\/wp\/v2\/types\/page"}],"author":[{"embeddable":true,"href":"https:\/\/javacol.com\/sitio\/wp-json\/wp\/v2\/users\/1"}],"replies":[{"embeddable":true,"href":"https:\/\/javacol.com\/sitio\/wp-json\/wp\/v2\/comments?post=4303"}],"version-history":[{"count":11,"href":"https:\/\/javacol.com\/sitio\/wp-json\/wp\/v2\/pages\/4303\/revisions"}],"predecessor-version":[{"id":5632,"href":"https:\/\/javacol.com\/sitio\/wp-json\/wp\/v2\/pages\/4303\/revisions\/5632"}],"wp:attachment":[{"href":"https:\/\/javacol.com\/sitio\/wp-json\/wp\/v2\/media?parent=4303"}],"curies":[{"name":"wp","href":"https:\/\/api.w.org\/{rel}","templated":true}]}}